{"id":2073,"date":"2016-05-02T16:06:11","date_gmt":"2016-05-02T15:06:11","guid":{"rendered":"https:\/\/www.animalsmoia.vet\/contacta\/"},"modified":"2025-12-29T09:53:52","modified_gmt":"2025-12-29T08:53:52","slug":"contacta","status":"publish","type":"page","link":"https:\/\/www.animalsmoia.vet\/es\/contacta\/","title":{"rendered":"Contacta"},"content":{"rendered":"<div class=\"wpb-content-wrapper\"><p>[vc_row type=\u00bbvc_default\u00bb css=\u00bb.vc_custom_1474222275884{margin-bottom: -40px !important;}\u00bb][vc_column width=\u00bb1\/2&#8243; offset=\u00bbvc_col-lg-4 vc_col-md-4 vc_col-xs-12&#8243; css=\u00bb.vc_custom_1463577757424{padding-bottom: 30px !important;}\u00bb][vc_row_inner css=\u00bb.vc_custom_1462515106568{padding-right: 25px !important;padding-left: 25px !important;}\u00bb][vc_column_inner css=\u00bb.vc_custom_1462514891002{background-color: #f4f4f4 !important;}\u00bb]<div class=\"aio-icon-component  vc_custom_1619456183636   style_1\"><div id=\"Info-box-wrap-6249\" class=\"aio-icon-box left-icon\" style=\"\"  ><div class=\"aio-icon-left\"><div class=\"ult-just-icon-wrapper  \"><div class=\"align-icon\" style=\"text-align:center;\">\n<div class=\"aio-icon-img \" style=\"font-size:48px;display:inline-block;\" >\n\t<img decoding=\"async\" class=\"img-icon\" alt=\"Conill-Anima&#039;ls\" src=\"https:\/\/www.animalsmoia.vet\/wp-content\/uploads\/2021\/04\/Conill.png\"\/>\n<\/div><\/div><\/div><\/div><div class=\"aio-ibd-block\"><div class=\"aio-icon-header\" ><h3 class=\"aio-icon-title ult-responsive\"  data-ultimate-target='#Info-box-wrap-6249 .aio-icon-title'  data-responsive-json-new='{\"font-size\":\"desktop:16px;\",\"line-height\":\"desktop:26px;\"}'  style=\"font-family:&#039;Montserrat&#039;;font-weight:700;\">Direcci\u00f3n<\/h3><\/div> <!-- header --><div class=\"aio-icon-description ult-responsive\"  data-ultimate-target='#Info-box-wrap-6249 .aio-icon-description'  data-responsive-json-new='{\"font-size\":\"\",\"line-height\":\"\"}'  style=\"color:#00b09a;\">Crtra. de Vic, 5 Bajos<br \/>\n08180 Moi\u00e0. Barcelona<\/div> <!-- description --><\/div> <!-- aio-ibd-block --><\/div> <!-- aio-icon-box --><\/div> <!-- aio-icon-component --><div class=\"hr-thin style-dashed\" style=\"width: 100%;border-color: #d2d2d2;border-top-width: 1px;\"><\/div><div class=\"aio-icon-component  vc_custom_1766998413365   style_1\"><div id=\"Info-box-wrap-2222\" class=\"aio-icon-box left-icon\" style=\"\"  ><div class=\"aio-icon-left\"><div class=\"ult-just-icon-wrapper  \"><div class=\"align-icon\" style=\"text-align:center;\">\n<div class=\"aio-icon-img \" style=\"font-size:48px;display:inline-block;\" >\n\t<img decoding=\"async\" class=\"img-icon\" alt=\"Gos-Anima&#039;ls\" src=\"https:\/\/www.animalsmoia.vet\/wp-content\/uploads\/2021\/04\/Gos-1.png\"\/>\n<\/div><\/div><\/div><\/div><div class=\"aio-ibd-block\"><div class=\"aio-icon-header\" ><h3 class=\"aio-icon-title ult-responsive\"  data-ultimate-target='#Info-box-wrap-2222 .aio-icon-title'  data-responsive-json-new='{\"font-size\":\"desktop:16px;\",\"line-height\":\"desktop:26px;\"}'  style=\"font-family:&#039;Montserrat&#039;;font-weight:700;\">Tel\u00e9fono<\/h3><\/div> <!-- header --><div class=\"aio-icon-description ult-responsive\"  data-ultimate-target='#Info-box-wrap-2222 .aio-icon-description'  data-responsive-json-new='{\"font-size\":\"\",\"line-height\":\"\"}'  style=\"color:#00b09a;\">Cl\u00ednica: 938 301 370<\/div> <!-- description --><\/div> <!-- aio-ibd-block --><\/div> <!-- aio-icon-box --><\/div> <!-- aio-icon-component --><div class=\"hr-thin style-dashed\" style=\"width: 100%;border-color: #d2d2d2;border-top-width: 1px;\"><\/div><div class=\"aio-icon-component  vc_custom_1619455484625   style_1\"><div id=\"Info-box-wrap-7060\" class=\"aio-icon-box left-icon\" style=\"\"  ><div class=\"aio-icon-left\"><div class=\"ult-just-icon-wrapper  \"><div class=\"align-icon\" style=\"text-align:center;\">\n<div class=\"aio-icon-img \" style=\"font-size:48px;display:inline-block;\" >\n\t<img decoding=\"async\" class=\"img-icon\" alt=\"Ex\u00f2tic-Anima&#039;ls\" src=\"https:\/\/www.animalsmoia.vet\/wp-content\/uploads\/2021\/04\/Exotic.png\"\/>\n<\/div><\/div><\/div><\/div><div class=\"aio-ibd-block\"><div class=\"aio-icon-header\" ><h3 class=\"aio-icon-title ult-responsive\"  data-ultimate-target='#Info-box-wrap-7060 .aio-icon-title'  data-responsive-json-new='{\"font-size\":\"desktop:16px;\",\"line-height\":\"desktop:26px;\"}'  style=\"font-family:&#039;Montserrat&#039;;font-weight:700;\">Correo electr\u00f3nico<\/h3><\/div> <!-- header --><div class=\"aio-icon-description ult-responsive\"  data-ultimate-target='#Info-box-wrap-7060 .aio-icon-description'  data-responsive-json-new='{\"font-size\":\"\",\"line-height\":\"\"}'  style=\"color:#00b09a;\">info@animalsmoia.vet<\/div> <!-- description --><\/div> <!-- aio-ibd-block --><\/div> <!-- aio-icon-box --><\/div> <!-- aio-icon-component --><div class=\"hr-thin style-dashed\" style=\"width: 100%;border-color: #d2d2d2;border-top-width: 1px;\"><\/div><div class=\"aio-icon-component  vc_custom_1766998428045   style_1\"><div id=\"Info-box-wrap-3800\" class=\"aio-icon-box left-icon\" style=\"\"  ><div class=\"aio-icon-left\"><div class=\"ult-just-icon-wrapper  \"><div class=\"align-icon\" style=\"text-align:center;\">\n<div class=\"aio-icon-img \" style=\"font-size:48px;display:inline-block;\" >\n\t<img decoding=\"async\" class=\"img-icon\" alt=\"Vaca-Anima&#039;ls\" src=\"https:\/\/www.animalsmoia.vet\/wp-content\/uploads\/2021\/04\/Vaca.png\"\/>\n<\/div><\/div><\/div><\/div><div class=\"aio-ibd-block\"><div class=\"aio-icon-header\" ><h3 class=\"aio-icon-title ult-responsive\"  data-ultimate-target='#Info-box-wrap-3800 .aio-icon-title'  data-responsive-json-new='{\"font-size\":\"desktop:16px;\",\"line-height\":\"desktop:26px;\"}'  style=\"font-family:&#039;Montserrat&#039;;font-weight:700;\">Horarios<\/h3><\/div> <!-- header --><div class=\"aio-icon-description ult-responsive\"  data-ultimate-target='#Info-box-wrap-3800 .aio-icon-description'  data-responsive-json-new='{\"font-size\":\"\",\"line-height\":\"\"}'  style=\"color:#00b09a;\">De lunes a viernes:<br \/>\nde 9 a 14h. y<br \/>\nde 16 a 20h.<\/p>\n<p>S\u00e1bados ma\u00f1ana:<br \/>\nde 10 a 13:30h.<\/div> <!-- description --><\/div> <!-- aio-ibd-block --><\/div> <!-- aio-icon-box --><\/div> <!-- aio-icon-component -->[\/vc_column_inner][\/vc_row_inner][\/vc_column][vc_column width=\u00bb1\/2&#8243; offset=\u00bbvc_col-lg-8 vc_col-md-8 vc_col-xs-12&#8243; css=\u00bb.vc_custom_1463577768539{padding-bottom: 20px !important;}\u00bb][vc_gmaps link=\u00bb#E-8_JTNDaWZyYW1lJTIwc3JjJTNEJTIyaHR0cHMlM0ElMkYlMkZ3d3cuZ29vZ2xlLmNvbSUyRm1hcHMlMkZlbWJlZCUzRnBiJTNEJTIxMW0xOCUyMTFtMTIlMjExbTMlMjExZDI5NzMuODg2Nzc5ODMzNTU3NyUyMTJkMi4wOTY0ODY2MTU0Mzg5NTQlMjEzZDQxLjgwOTE5OTM3OTIyNzY3JTIxMm0zJTIxMWYwJTIxMmYwJTIxM2YwJTIxM20yJTIxMWkxMDI0JTIxMmk3NjglMjE0ZjEzLjElMjEzbTMlMjExbTIlMjExczB4MTJhNGU3MDliZmFhNDFlNyUyNTNBMHhiMGQ5MWEwMDA4MTg0MWZlJTIxMnNBTklNQSUyNiUyMzM5JTNCTFMlMjUyMENMJTI1QzMlMjU4RE5JQ0ElMjUyMFZFVEVSSU4lMjVDMyUyNTgwUklBJTI1MjBNT0klMjVDMyUyNTgwJTIxNWUwJTIxM20yJTIxMXNlcyUyMTJzZXMlMjE0djE2MTQ0NDY0NDg4OTIlMjE1bTIlMjExc2VzJTIxMnNlcyUyMiUyMHdpZHRoJTNEJTIyNjAwJTIyJTIwaGVpZ2h0JTNEJTIyNDUwJTIyJTIwc3R5bGUlM0QlMjJib3JkZXIlM0EwJTNCJTIyJTIwYWxsb3dmdWxsc2NyZWVuJTNEJTIyJTIyJTIwbG9hZGluZyUzRCUyMmxhenklMjIlM0UlM0MlMkZpZnJhbWUlM0U=\u00bb]<div id=\"ultimate-heading-246069f38038d20d8\" class=\"uvc-heading ult-adjust-bottom-margin ultimate-heading-246069f38038d20d8 uvc-4584 \" data-hspacer=\"no_spacer\"  data-halign=\"left\" style=\"text-align:left\"><div class=\"uvc-heading-spacer no_spacer\" style=\"top\"><\/div><div class=\"uvc-main-heading ult-responsive\"  data-ultimate-target='.uvc-heading.ultimate-heading-246069f38038d20d8 h2'  data-responsive-json-new='{\"font-size\":\"desktop:20px;\",\"line-height\":\"desktop:26px;\"}' ><h2 style=\"font-weight:bold;margin-top:50px;margin-bottom:30px;\">\u00bfTienes alguna pregunta o duda? \u00a1No esperes, habla con nosotras!<\/h2><\/div><\/div>\n<div class=\"wpcf7 no-js\" id=\"wpcf7-f2094-o1\" lang=\"ca\" dir=\"ltr\" data-wpcf7-id=\"2094\">\n<div class=\"screen-reader-response\"><p role=\"status\" aria-live=\"polite\" aria-atomic=\"true\"><\/p> <ul><\/ul><\/div>\n<form action=\"\/es\/wp-json\/wp\/v2\/pages\/2073#wpcf7-f2094-o1\" method=\"post\" class=\"wpcf7-form init\" aria-label=\"Formulari de contacte\" novalidate=\"novalidate\" data-status=\"init\">\n<fieldset class=\"hidden-fields-container\"><input type=\"hidden\" name=\"_wpcf7\" value=\"2094\" \/><input type=\"hidden\" name=\"_wpcf7_version\" value=\"6.1.5\" \/><input type=\"hidden\" name=\"_wpcf7_locale\" value=\"ca\" \/><input type=\"hidden\" name=\"_wpcf7_unit_tag\" value=\"wpcf7-f2094-o1\" \/><input type=\"hidden\" name=\"_wpcf7_container_post\" value=\"0\" \/><input type=\"hidden\" name=\"_wpcf7_posted_data_hash\" value=\"\" \/><input type=\"hidden\" name=\"_wpcf7_recaptcha_response\" value=\"\" \/>\n<\/fieldset>\n<p><label> Nombre (obligatorio)<br \/>\n<span class=\"wpcf7-form-control-wrap\" data-name=\"your-name\"><input size=\"40\" maxlength=\"400\" class=\"wpcf7-form-control wpcf7-text wpcf7-validates-as-required\" aria-required=\"true\" aria-invalid=\"false\" value=\"\" type=\"text\" name=\"your-name\" \/><\/span> <\/label>\n<\/p>\n<p><label> Correo electr\u00f3nico (obligatorio)<br \/>\n<span class=\"wpcf7-form-control-wrap\" data-name=\"your-email\"><input size=\"40\" maxlength=\"400\" class=\"wpcf7-form-control wpcf7-email wpcf7-validates-as-required wpcf7-text wpcf7-validates-as-email\" aria-required=\"true\" aria-invalid=\"false\" value=\"\" type=\"email\" name=\"your-email\" \/><\/span> <\/label>\n<\/p>\n<p><label> Tel\u00e9fono de contacto<br \/>\n<span class=\"wpcf7-form-control-wrap\" data-name=\"tel-310\"><input size=\"40\" maxlength=\"400\" class=\"wpcf7-form-control wpcf7-tel wpcf7-text wpcf7-validates-as-tel\" aria-invalid=\"false\" value=\"\" type=\"tel\" name=\"tel-310\" \/><\/span> <\/label>\n<\/p>\n<p><label> Asunto<br \/>\n<span class=\"wpcf7-form-control-wrap\" data-name=\"your-subject\"><input size=\"40\" maxlength=\"400\" class=\"wpcf7-form-control wpcf7-text\" aria-invalid=\"false\" value=\"\" type=\"text\" name=\"your-subject\" \/><\/span> <\/label>\n<\/p>\n<p><label> Mensaje (obligatori)<br \/>\n<span class=\"wpcf7-form-control-wrap\" data-name=\"your-message\"><textarea cols=\"40\" rows=\"10\" maxlength=\"2000\" class=\"wpcf7-form-control wpcf7-textarea wpcf7-validates-as-required\" aria-required=\"true\" aria-invalid=\"false\" name=\"your-message\"><\/textarea><\/span> <\/label>\n<\/p>\n<p><span class=\"wpcf7-form-control-wrap\" data-name=\"acceptance-343\"><span class=\"wpcf7-form-control wpcf7-acceptance\"><span class=\"wpcf7-list-item\"><label><input type=\"checkbox\" name=\"acceptance-343\" value=\"1\" aria-invalid=\"false\" \/><span class=\"wpcf7-list-item-label\">Para enviar el mensaje debe leer y aceptar la <a href=\"https:\/\/www.animalsmoia.vet\/es\/politica-de-privacidad\" target=\"_blank\">pol\u00edtica de privacidad<\/a> de Anima\u2019ls \u2013 Cl\u00ednica veteriaria.<\/span><\/label><\/span><\/span><\/span>\n<\/p>\n<p><input class=\"wpcf7-form-control wpcf7-submit has-spinner\" type=\"submit\" value=\"Enviar\" \/>\n<\/p><div class=\"wpcf7-response-output\" aria-hidden=\"true\"><\/div>\n<\/form>\n<\/div>\n[vc_column_text]La comunicaci\u00f3n enviada ser\u00e1 objeto de tratamiento por parte del Responsable\u00a0<strong>Animales &#8211; Cl\u00ednica veterinaria, SL<\/strong>\u00a0.\u00a0Esta comunicaci\u00f3n se utilizar\u00e1 exclusivamente para tratar sus datos para atender su solicitud, siempre de conformidad con el Reglamento (UE) 2016\/679 de 27 de abril de 2016 (RGPD), la Ley Org\u00e1nica 3\/2018 de 5 de diciembre (LOPDGDD) y dem\u00e1s normativa legal vigente en materia de protecci\u00f3n de datos personales sobre protecci\u00f3n de datos.\u00a0Sus datos no se comunicar\u00e1n a terceros, excepto por obligaci\u00f3n legal, y se mantendr\u00e1n mientras no solicite su cancelaci\u00f3n.<\/p>\n<p>En cualquier momento usted podr\u00e1 ejercer los derechos de acceso, rectificaci\u00f3n, portabilidad y oposici\u00f3n, y, en su caso, la limitaci\u00f3n y cancelaci\u00f3n, comunic\u00e1ndolo por escrito, indicando sus datos personales en\u00a0\u00a0<strong>Carretera de Vic, 5 bajos 08180, Moi\u00e0<\/strong>\u00a0o mediante el env\u00edo de un correo electr\u00f3nico a info@animalsmoia.vet.[\/vc_column_text][\/vc_column][\/vc_row]<\/p>\n<\/div>","protected":false},"excerpt":{"rendered":"<p>[vc_row type=\u00bbvc_default\u00bb css=\u00bb.vc_custom_1474222275884{margin-bottom: -40px !important;}\u00bb][vc_column width=\u00bb1\/2&#8243; offset=\u00bbvc_col-lg-4 vc_col-md-4 vc_col-xs-12&#8243; css=\u00bb.vc_custom_1463577757424{padding-bottom: 30px !important;}\u00bb][vc_row_inner css=\u00bb.vc_custom_1462515106568{padding-right: 25px !important;padding-left: 25px !important;}\u00bb][vc_column_inner css=\u00bb.vc_custom_1462514891002{background-color: #f4f4f4 !important;}\u00bb][\/vc_column_inner][\/vc_row_inner][\/vc_column][vc_column width=\u00bb1\/2&#8243; offset=\u00bbvc_col-lg-8 vc_col-md-8 vc_col-xs-12&#8243; css=\u00bb.vc_custom_1463577768539{padding-bottom: 20px !important;}\u00bb][vc_gmaps link=\u00bb#E-8_JTNDaWZyYW1lJTIwc3JjJTNEJTIyaHR0cHMlM0ElMkYlMkZ3d3cuZ29vZ2xlLmNvbSUyRm1hcHMlMkZlbWJlZCUzRnBiJTNEJTIxMW0xOCUyMTFtMTIlMjExbTMlMjExZDI5NzMuODg2Nzc5ODMzNTU3NyUyMTJkMi4wOTY0ODY2MTU0Mzg5NTQlMjEzZDQxLjgwOTE5OTM3OTIyNzY3JTIxMm0zJTIxMWYwJTIxMmYwJTIxM2YwJTIxM20yJTIxMWkxMDI0JTIxMmk3NjglMjE0ZjEzLjElMjEzbTMlMjExbTIlMjExczB4MTJhNGU3MDliZmFhNDFlNyUyNTNBMHhiMGQ5MWEwMDA4MTg0MWZlJTIxMnNBTklNQSUyNiUyMzM5JTNCTFMlMjUyMENMJTI1QzMlMjU4RE5JQ0ElMjUyMFZFVEVSSU4lMjVDMyUyNTgwUklBJTI1MjBNT0klMjVDMyUyNTgwJTIxNWUwJTIxM20yJTIxMXNlcyUyMTJzZXMlMjE0djE2MTQ0NDY0NDg4OTIlMjE1bTIlMjExc2VzJTIxMnNlcyUyMiUyMHdpZHRoJTNEJTIyNjAwJTIyJTIwaGVpZ2h0JTNEJTIyNDUwJTIyJTIwc3R5bGUlM0QlMjJib3JkZXIlM0EwJTNCJTIyJTIwYWxsb3dmdWxsc2NyZWVuJTNEJTIyJTIyJTIwbG9hZGluZyUzRCUyMmxhenklMjIlM0UlM0MlMkZpZnJhbWUlM0U=\u00bb][vc_column_text]La comunicaci\u00f3n enviada ser\u00e1 objeto de tratamiento por parte del Responsable\u00a0Animales &#8211; Cl\u00ednica veterinaria, SL\u00a0.\u00a0Esta comunicaci\u00f3n se utilizar\u00e1 exclusivamente para tratar sus datos para atender su solicitud, siempre&hellip;<\/p>\n","protected":false},"author":1,"featured_media":0,"parent":0,"menu_order":8,"comment_status":"closed","ping_status":"closed","template":"","meta":{"footnotes":""},"class_list":["post-2073","page","type-page","status-publish","hentry","description-off"],"yoast_head":"<!-- This site is optimized with the Yoast SEO plugin v27.5 - https:\/\/yoast.com\/product\/yoast-seo-wordpress\/ -->\n<title>Contacta - Anima&#039;ls - Cl\u00ednica veterin\u00e0ria<\/title>\n<meta name=\"description\" content=\"Contacta con Anima&#039;ls - Cl\u00ednica veterinaria. Moi\u00e0. Moian\u00e8s. Barcelona. Urgencias las 24 horas. D\u00f3nde encontrarnos.\" \/>\n<meta name=\"robots\" content=\"index, follow, max-snippet:-1, max-image-preview:large, max-video-preview:-1\" \/>\n<link rel=\"canonical\" href=\"https:\/\/www.animalsmoia.vet\/es\/contacta\/\" \/>\n<meta property=\"og:locale\" content=\"es_ES\" \/>\n<meta property=\"og:type\" content=\"article\" \/>\n<meta property=\"og:title\" content=\"Contacta - Anima&#039;ls - Cl\u00ednica veterin\u00e0ria\" \/>\n<meta property=\"og:description\" content=\"Contacta con Anima&#039;ls - Cl\u00ednica veterinaria. Moi\u00e0. Moian\u00e8s. Barcelona. Urgencias las 24 horas. D\u00f3nde encontrarnos.\" \/>\n<meta property=\"og:url\" content=\"https:\/\/www.animalsmoia.vet\/es\/contacta\/\" \/>\n<meta property=\"og:site_name\" content=\"Anima&#039;ls - Cl\u00ednica veterin\u00e0ria\" \/>\n<meta property=\"article:modified_time\" content=\"2025-12-29T08:53:52+00:00\" \/>\n<meta name=\"twitter:card\" content=\"summary_large_image\" \/>\n<meta name=\"twitter:label1\" content=\"Tiempo de lectura\" \/>\n\t<meta name=\"twitter:data1\" content=\"2 minutos\" \/>\n<script type=\"application\/ld+json\" class=\"yoast-schema-graph\">{\"@context\":\"https:\\\/\\\/schema.org\",\"@graph\":[{\"@type\":\"WebPage\",\"@id\":\"https:\\\/\\\/www.animalsmoia.vet\\\/es\\\/contacta\\\/\",\"url\":\"https:\\\/\\\/www.animalsmoia.vet\\\/es\\\/contacta\\\/\",\"name\":\"Contacta - Anima&#039;ls - Cl\u00ednica veterin\u00e0ria\",\"isPartOf\":{\"@id\":\"https:\\\/\\\/www.animalsmoia.vet\\\/#website\"},\"datePublished\":\"2016-05-02T15:06:11+00:00\",\"dateModified\":\"2025-12-29T08:53:52+00:00\",\"description\":\"Contacta con Anima'ls - Cl\u00ednica veterinaria. Moi\u00e0. Moian\u00e8s. Barcelona. Urgencias las 24 horas. D\u00f3nde encontrarnos.\",\"breadcrumb\":{\"@id\":\"https:\\\/\\\/www.animalsmoia.vet\\\/es\\\/contacta\\\/#breadcrumb\"},\"inLanguage\":\"es\",\"potentialAction\":[{\"@type\":\"ReadAction\",\"target\":[\"https:\\\/\\\/www.animalsmoia.vet\\\/es\\\/contacta\\\/\"]}]},{\"@type\":\"BreadcrumbList\",\"@id\":\"https:\\\/\\\/www.animalsmoia.vet\\\/es\\\/contacta\\\/#breadcrumb\",\"itemListElement\":[{\"@type\":\"ListItem\",\"position\":1,\"name\":\"Inici\",\"item\":\"https:\\\/\\\/www.animalsmoia.vet\\\/es\\\/\"},{\"@type\":\"ListItem\",\"position\":2,\"name\":\"Contacta\"}]},{\"@type\":\"WebSite\",\"@id\":\"https:\\\/\\\/www.animalsmoia.vet\\\/#website\",\"url\":\"https:\\\/\\\/www.animalsmoia.vet\\\/\",\"name\":\"Anima&#039;ls - Cl\u00ednica veterin\u00e0ria\",\"description\":\"Cl\u00ednica veterin\u00e0ria a Moi\u00e0. Moian\u00e8s. Barcelona.\",\"potentialAction\":[{\"@type\":\"SearchAction\",\"target\":{\"@type\":\"EntryPoint\",\"urlTemplate\":\"https:\\\/\\\/www.animalsmoia.vet\\\/?s={search_term_string}\"},\"query-input\":{\"@type\":\"PropertyValueSpecification\",\"valueRequired\":true,\"valueName\":\"search_term_string\"}}],\"inLanguage\":\"es\"}]}<\/script>\n<!-- \/ Yoast SEO plugin. -->","yoast_head_json":{"title":"Contacta - Anima&#039;ls - Cl\u00ednica veterin\u00e0ria","description":"Contacta con Anima'ls - Cl\u00ednica veterinaria. Moi\u00e0. Moian\u00e8s. Barcelona. Urgencias las 24 horas. D\u00f3nde encontrarnos.","robots":{"index":"index","follow":"follow","max-snippet":"max-snippet:-1","max-image-preview":"max-image-preview:large","max-video-preview":"max-video-preview:-1"},"canonical":"https:\/\/www.animalsmoia.vet\/es\/contacta\/","og_locale":"es_ES","og_type":"article","og_title":"Contacta - Anima&#039;ls - Cl\u00ednica veterin\u00e0ria","og_description":"Contacta con Anima'ls - Cl\u00ednica veterinaria. Moi\u00e0. Moian\u00e8s. Barcelona. Urgencias las 24 horas. D\u00f3nde encontrarnos.","og_url":"https:\/\/www.animalsmoia.vet\/es\/contacta\/","og_site_name":"Anima&#039;ls - Cl\u00ednica veterin\u00e0ria","article_modified_time":"2025-12-29T08:53:52+00:00","twitter_card":"summary_large_image","twitter_misc":{"Tiempo de lectura":"2 minutos"},"schema":{"@context":"https:\/\/schema.org","@graph":[{"@type":"WebPage","@id":"https:\/\/www.animalsmoia.vet\/es\/contacta\/","url":"https:\/\/www.animalsmoia.vet\/es\/contacta\/","name":"Contacta - Anima&#039;ls - Cl\u00ednica veterin\u00e0ria","isPartOf":{"@id":"https:\/\/www.animalsmoia.vet\/#website"},"datePublished":"2016-05-02T15:06:11+00:00","dateModified":"2025-12-29T08:53:52+00:00","description":"Contacta con Anima'ls - Cl\u00ednica veterinaria. Moi\u00e0. Moian\u00e8s. Barcelona. Urgencias las 24 horas. D\u00f3nde encontrarnos.","breadcrumb":{"@id":"https:\/\/www.animalsmoia.vet\/es\/contacta\/#breadcrumb"},"inLanguage":"es","potentialAction":[{"@type":"ReadAction","target":["https:\/\/www.animalsmoia.vet\/es\/contacta\/"]}]},{"@type":"BreadcrumbList","@id":"https:\/\/www.animalsmoia.vet\/es\/contacta\/#breadcrumb","itemListElement":[{"@type":"ListItem","position":1,"name":"Inici","item":"https:\/\/www.animalsmoia.vet\/es\/"},{"@type":"ListItem","position":2,"name":"Contacta"}]},{"@type":"WebSite","@id":"https:\/\/www.animalsmoia.vet\/#website","url":"https:\/\/www.animalsmoia.vet\/","name":"Anima&#039;ls - Cl\u00ednica veterin\u00e0ria","description":"Cl\u00ednica veterin\u00e0ria a Moi\u00e0. Moian\u00e8s. Barcelona.","potentialAction":[{"@type":"SearchAction","target":{"@type":"EntryPoint","urlTemplate":"https:\/\/www.animalsmoia.vet\/?s={search_term_string}"},"query-input":{"@type":"PropertyValueSpecification","valueRequired":true,"valueName":"search_term_string"}}],"inLanguage":"es"}]}},"_links":{"self":[{"href":"https:\/\/www.animalsmoia.vet\/es\/wp-json\/wp\/v2\/pages\/2073","targetHints":{"allow":["GET"]}}],"collection":[{"href":"https:\/\/www.animalsmoia.vet\/es\/wp-json\/wp\/v2\/pages"}],"about":[{"href":"https:\/\/www.animalsmoia.vet\/es\/wp-json\/wp\/v2\/types\/page"}],"author":[{"embeddable":true,"href":"https:\/\/www.animalsmoia.vet\/es\/wp-json\/wp\/v2\/users\/1"}],"replies":[{"embeddable":true,"href":"https:\/\/www.animalsmoia.vet\/es\/wp-json\/wp\/v2\/comments?post=2073"}],"version-history":[{"count":1,"href":"https:\/\/www.animalsmoia.vet\/es\/wp-json\/wp\/v2\/pages\/2073\/revisions"}],"predecessor-version":[{"id":2531,"href":"https:\/\/www.animalsmoia.vet\/es\/wp-json\/wp\/v2\/pages\/2073\/revisions\/2531"}],"wp:attachment":[{"href":"https:\/\/www.animalsmoia.vet\/es\/wp-json\/wp\/v2\/media?parent=2073"}],"curies":[{"name":"wp","href":"https:\/\/api.w.org\/{rel}","templated":true}]}}