{"id":2058,"date":"2016-04-29T12:54:30","date_gmt":"2016-04-29T11:54:30","guid":{"rendered":"https:\/\/www.animalsmoia.vet\/clinica-veterinaria\/testimonis\/"},"modified":"2021-04-28T18:49:30","modified_gmt":"2021-04-28T16:49:30","slug":"testimonios","status":"publish","type":"page","link":"https:\/\/www.animalsmoia.vet\/es\/clinica-veterinaria\/testimonios\/","title":{"rendered":"Testimonios"},"content":{"rendered":"<div class=\"wpb-content-wrapper\"><p>[vc_row full_width=\u00bbstretch_row\u00bb type=\u00bbvc_default\u00bb css=\u00bb.vc_custom_1474222445114{padding-bottom: 80px !important;}\u00bb][vc_column]<div class=\"wf-container loading-effect-none iso-container\" data-padding=\"15px\" data-cur-page=\"1\" data-width=\"300px\" data-columns=\"3\">\n<div class=\"wf-cell iso-item\" data-post-id=\"2153\" data-date=\"2021-04-28T18:41:10+02:00\" data-name=\"Alfons G.\">\n\t<div class=\"testimonial-item\">\n\t\t<article>\n\t<div class=\"testimonial-content\">\n\t\t<p>\u00a1Sois unas cracks!<\/p>\n\t<\/div>\n\t<div class=\"testimonial-vcard\">\n\t\t<div class=\"testimonial-thumbnail\">\n\t\t\t<span class=\"alignleft no-avatar\"><svg version=\"1.1\" id=\"Layer_1\" xmlns=\"http:\/\/www.w3.org\/2000\/svg\" xmlns:xlink=\"http:\/\/www.w3.org\/1999\/xlink\" x=\"0px\" y=\"0px\"\n\t viewBox=\"0 0 16 16\" style=\"enable-background:new 0 0 16 16;\" xml:space=\"preserve\"><path d=\"M8,8c2.2,0,4-1.8,4-4s-1.8-4-4-4S4,1.8,4,4S5.8,8,8,8z M8,10c-2.7,0-8,1.3-8,4v1c0,0.5,0.4,1,1,1h14c0.5,0,1-0.5,1-1v-1\n\tC16,11.3,10.7,10,8,10z\"\/><\/svg><\/span>\t\t<\/div>\n\t\t<div class=\"testimonial-desc\">\n\t\t\t<span class=\"text-primary\">Alfons G.<\/span>\t\t<\/div>\n\t<\/div>\n<\/article>\n\t<\/div>\n\n<\/div>\n<div class=\"wf-cell iso-item\" data-post-id=\"2151\" data-date=\"2021-03-21T16:50:43+01:00\" data-name=\"J\u00falia\">\n\t<div class=\"testimonial-item\">\n\t\t<article>\n\t<div class=\"testimonial-content\">\n\t\t<p>\u00a1Una atenci\u00f3n perfecta! \u00a1Gracias por vuestra dedicaci\u00f3n!<\/p>\n\t<\/div>\n\t<div class=\"testimonial-vcard\">\n\t\t<div class=\"testimonial-thumbnail\">\n\t\t\t<span class=\"alignleft no-avatar\"><svg version=\"1.1\" id=\"Layer_1\" xmlns=\"http:\/\/www.w3.org\/2000\/svg\" xmlns:xlink=\"http:\/\/www.w3.org\/1999\/xlink\" x=\"0px\" y=\"0px\"\n\t viewBox=\"0 0 16 16\" style=\"enable-background:new 0 0 16 16;\" xml:space=\"preserve\"><path d=\"M8,8c2.2,0,4-1.8,4-4s-1.8-4-4-4S4,1.8,4,4S5.8,8,8,8z M8,10c-2.7,0-8,1.3-8,4v1c0,0.5,0.4,1,1,1h14c0.5,0,1-0.5,1-1v-1\n\tC16,11.3,10.7,10,8,10z\"\/><\/svg><\/span>\t\t<\/div>\n\t\t<div class=\"testimonial-desc\">\n\t\t\t<span class=\"text-primary\">J\u00falia<\/span>\t\t<\/div>\n\t<\/div>\n<\/article>\n\t<\/div>\n\n<\/div>\n<div class=\"wf-cell iso-item\" data-post-id=\"2152\" data-date=\"2016-04-29T13:18:34+02:00\" data-name=\"pauloskiwarla\">\n\t<div class=\"testimonial-item\">\n\t\t<article>\n\t<div class=\"testimonial-content\">\n\t\t<p>\u00a1Qu\u00e9 monada la Nola, en las mejores manos!<\/p>\n\t<\/div>\n\t<div class=\"testimonial-vcard\">\n\t\t<div class=\"testimonial-thumbnail\">\n\t\t\t<span class=\"alignleft no-avatar\"><svg version=\"1.1\" id=\"Layer_1\" xmlns=\"http:\/\/www.w3.org\/2000\/svg\" xmlns:xlink=\"http:\/\/www.w3.org\/1999\/xlink\" x=\"0px\" y=\"0px\"\n\t viewBox=\"0 0 16 16\" style=\"enable-background:new 0 0 16 16;\" xml:space=\"preserve\"><path d=\"M8,8c2.2,0,4-1.8,4-4s-1.8-4-4-4S4,1.8,4,4S5.8,8,8,8z M8,10c-2.7,0-8,1.3-8,4v1c0,0.5,0.4,1,1,1h14c0.5,0,1-0.5,1-1v-1\n\tC16,11.3,10.7,10,8,10z\"\/><\/svg><\/span>\t\t<\/div>\n\t\t<div class=\"testimonial-desc\">\n\t\t\t<span class=\"text-primary\">pauloskiwarla<\/span>\t\t<\/div>\n\t<\/div>\n<\/article>\n\t<\/div>\n\n<\/div><\/div>[\/vc_column][\/vc_row][vc_row full_width=\u00bbstretch_row\u00bb type=\u00bbvc_default\u00bb css=\u00bb.vc_custom_1474222453324{margin-bottom: -80px !important;padding-top: 80px !important;background-color: #f4f4f4 !important;}\u00bb][vc_column width=\u00bb1\/6&#8243;][\/vc_column][vc_column width=\u00bb4\/6&#8243;]<div id=\"ultimate-heading-339469e8b6536f001\" class=\"uvc-heading ult-adjust-bottom-margin ultimate-heading-339469e8b6536f001 uvc-9905  uvc-heading-default-font-sizes\" data-hspacer=\"no_spacer\"  data-halign=\"center\" style=\"text-align:center\"><div class=\"uvc-heading-spacer no_spacer\" style=\"top\"><\/div><div class=\"uvc-main-heading ult-responsive\"  data-ultimate-target='.uvc-heading.ultimate-heading-339469e8b6536f001 h1'  data-responsive-json-new='{\"font-size\":\"\",\"line-height\":\"\"}' ><h1 style=\"font-weight:bold;\">Testimonios<\/h1><\/div><div class=\"uvc-sub-heading ult-responsive\"  data-ultimate-target='.uvc-heading.ultimate-heading-339469e8b6536f001 .uvc-sub-heading '  data-responsive-json-new='{\"font-size\":\"desktop:18px;\",\"line-height\":\"desktop:28px;\"}'  style=\"font-weight:normal;color:#00b09a;margin-top:10px;margin-bottom:60px;\">Tu testimonio nos anima a mejorar. En <strong>Anima&#8217;ls<\/strong> &#8211; <strong>Cl\u00ednica veterinaria<\/strong> tenemos en cuenta todas las ideas y sugerencias de nuestros clientes.<\/div><\/div>[\/vc_column][vc_column width=\u00bb1\/6&#8243;][\/vc_column][vc_column css=\u00bb.vc_custom_1471300508539{margin-bottom: -20px !important;}\u00bb offset=\u00bbvc_col-lg-7 vc_col-md-7 vc_hidden-sm vc_col-xs-12 vc_hidden-xs\u00bb][vc_single_image image=\u00bb1714&#8243; img_size=\u00bb628&#215;498&#8243;][\/vc_column][vc_column css=\u00bb.vc_custom_1471300495641{padding-bottom: 50px !important;}\u00bb offset=\u00bbvc_col-lg-5 vc_col-md-5 vc_col-xs-12&#8243;]<form class=\"dt-contact-form dt-form privacy-form\" method=\"post\"><input type=\"hidden\" name=\"widget_id\" value=\"presscore-contact-form-widget--1\" \/><input type=\"hidden\" name=\"send_message\" value=\"\" \/><input type=\"hidden\" name=\"security_token\" value=\"26b682e55900e7051881\"\/><div class=\"form-fields\"><span class=\"form-name\"><label class=\"assistive-text\">Nombre *<\/label><input type=\"text\" class=\"validate[required]\" placeholder=\"Nombre *\" name=\"name\" value=\"\" aria-required=\"true\">\n<\/span><span class=\"form-mail\"><label class=\"assistive-text\">E-mail *<\/label><input type=\"text\" class=\"validate[required,custom[email]]\" placeholder=\"E-mail *\" name=\"email\" value=\"\" aria-required=\"true\">\n<\/span><span class=\"form-telephone\"><label class=\"assistive-text\">Tel\u00e9fono<\/label><input type=\"text\" placeholder=\"Tel\u00e9fono\" name=\"telephone\" value=\"\" aria-required=\"false\">\n<\/span><\/div><span class=\"form-message\"><label class=\"assistive-text\">Mensaje *<\/label><textarea class=\"validate[required]\" placeholder=\"Mensaje *\" name=\"message\" rows=\"6\" aria-required=\"true\"><\/textarea>\n<\/span><div class=\"the7-g-captcha\"><\/div><p class=\"the7-form-terms-wrap\"><input type=\"checkbox\" id=\"the7-form-terms-c5cc17e395d3049b03e0f1ccebb02b4d\" name=\"terms\" class=\"validate[required] the7-form-terms\" aria-required=\"true\" \/>&nbsp;<label for=\"the7-form-terms-c5cc17e395d3049b03e0f1ccebb02b4d\"><span class=\"form-terms-text\">Para enviar el mensaje debe leer y aceptar la pol\u00edtica de privacidad de <b>Anima'ls - Cl\u00ednica veteri\u00e0ria<\/ b>.\nLa comunicaci\u00f3n enviada ser\u00e1 objeto de tratamiento por parte del Responsable Anima\u2019ls Cl\u00ednica veterin\u00e0ria, SL. Esta comunicaci\u00f3n se utilizar\u00e1 exclusivamente para tratar sus datos para atender su solicitud, siempre de conformidad con el Reglamento (UE) 2016\/679 de 27 de abril de 2016 (RGPD), la Ley Org\u00e1nica 3\/2018 de 5 de diciembre (LOPDGDD) y dem\u00e1s normativa legal vigente en materia de protecci\u00f3n de datos personales sobre protecci\u00f3n de datos. Sus datos no se comunicar\u00e1n a terceros, excepto por obligaci\u00f3n legal, y se mantendr\u00e1n mientras no solicite su cancelaci\u00f3n.\nEn cualquier momento usted podr\u00e1 ejercer los derechos de acceso, rectificaci\u00f3n, portabilidad y oposici\u00f3n, y, en su caso, la limitaci\u00f3n y cancelaci\u00f3n, comunic\u00e1ndolo por escrito, indicando sus datos personales en Carretera de Vic, 5 Bajos 08180, MOI\u00c0 o mediante el env\u00edo de un correo electr\u00f3nico a info@animalsmoia.vet.<\/span><\/label><\/p><p><a href=\"#\" class=\"dt-btn dt-btn-m dt-btn-submit\" rel=\"nofollow\"><span>Enviar testimonio<\/span><\/a><input class=\"assistive-text\" type=\"submit\" value=\"enviar\"><\/p><\/form>\n[\/vc_column][\/vc_row]<\/p>\n<\/div>","protected":false},"excerpt":{"rendered":"<p>[vc_row full_width=\u00bbstretch_row\u00bb type=\u00bbvc_default\u00bb css=\u00bb.vc_custom_1474222445114{padding-bottom: 80px !important;}\u00bb][vc_column][\/vc_column][\/vc_row][vc_row full_width=\u00bbstretch_row\u00bb type=\u00bbvc_default\u00bb css=\u00bb.vc_custom_1474222453324{margin-bottom: -80px !important;padding-top: 80px !important;background-color: #f4f4f4 !important;}\u00bb][vc_column width=\u00bb1\/6&#8243;][\/vc_column][vc_column width=\u00bb4\/6&#8243;][\/vc_column][vc_column width=\u00bb1\/6&#8243;][\/vc_column][vc_column css=\u00bb.vc_custom_1471300508539{margin-bottom: -20px !important;}\u00bb offset=\u00bbvc_col-lg-7 vc_col-md-7 vc_hidden-sm vc_col-xs-12 vc_hidden-xs\u00bb][vc_single_image image=\u00bb1714&#8243; img_size=\u00bb628&#215;498&#8243;][\/vc_column][vc_column css=\u00bb.vc_custom_1471300495641{padding-bottom: 50px !important;}\u00bb offset=\u00bbvc_col-lg-5 vc_col-md-5 vc_col-xs-12&#8243;][\/vc_column][\/vc_row]<\/p>\n","protected":false},"author":1,"featured_media":0,"parent":2047,"menu_order":2,"comment_status":"closed","ping_status":"closed","template":"","meta":{"footnotes":""},"class_list":["post-2058","page","type-page","status-publish","hentry","description-off"],"yoast_head":"<!-- This site is optimized with the Yoast SEO plugin v27.4 - https:\/\/yoast.com\/product\/yoast-seo-wordpress\/ -->\n<title>Testimonios - Anima&#039;ls - Cl\u00ednica veterin\u00e0ria<\/title>\n<meta name=\"description\" content=\"Testimonios de las personas que han sido atendidas en Anima&#039;ls - Cl\u00ednica veterinaria. Ay\u00fadanos a mejorar dando tu opini\u00f3n.\" \/>\n<meta name=\"robots\" content=\"index, follow, max-snippet:-1, max-image-preview:large, max-video-preview:-1\" \/>\n<link rel=\"canonical\" href=\"https:\/\/www.animalsmoia.vet\/es\/clinica-veterinaria\/testimonios\/\" \/>\n<meta property=\"og:locale\" content=\"es_ES\" \/>\n<meta property=\"og:type\" content=\"article\" \/>\n<meta property=\"og:title\" content=\"Testimonios - Anima&#039;ls - Cl\u00ednica veterin\u00e0ria\" \/>\n<meta property=\"og:description\" content=\"Testimonios de las personas que han sido atendidas en Anima&#039;ls - Cl\u00ednica veterinaria. Ay\u00fadanos a mejorar dando tu opini\u00f3n.\" \/>\n<meta property=\"og:url\" content=\"https:\/\/www.animalsmoia.vet\/es\/clinica-veterinaria\/testimonios\/\" \/>\n<meta property=\"og:site_name\" content=\"Anima&#039;ls - Cl\u00ednica veterin\u00e0ria\" \/>\n<meta property=\"article:modified_time\" content=\"2021-04-28T16:49:30+00:00\" \/>\n<meta name=\"twitter:card\" content=\"summary_large_image\" \/>\n<meta name=\"twitter:label1\" content=\"Tiempo de lectura\" \/>\n\t<meta name=\"twitter:data1\" content=\"1 minuto\" \/>\n<script type=\"application\/ld+json\" class=\"yoast-schema-graph\">{\"@context\":\"https:\\\/\\\/schema.org\",\"@graph\":[{\"@type\":\"WebPage\",\"@id\":\"https:\\\/\\\/www.animalsmoia.vet\\\/es\\\/clinica-veterinaria\\\/testimonios\\\/\",\"url\":\"https:\\\/\\\/www.animalsmoia.vet\\\/es\\\/clinica-veterinaria\\\/testimonios\\\/\",\"name\":\"Testimonios - Anima&#039;ls - Cl\u00ednica veterin\u00e0ria\",\"isPartOf\":{\"@id\":\"https:\\\/\\\/www.animalsmoia.vet\\\/#website\"},\"datePublished\":\"2016-04-29T11:54:30+00:00\",\"dateModified\":\"2021-04-28T16:49:30+00:00\",\"description\":\"Testimonios de las personas que han sido atendidas en Anima'ls - Cl\u00ednica veterinaria. Ay\u00fadanos a mejorar dando tu opini\u00f3n.\",\"breadcrumb\":{\"@id\":\"https:\\\/\\\/www.animalsmoia.vet\\\/es\\\/clinica-veterinaria\\\/testimonios\\\/#breadcrumb\"},\"inLanguage\":\"es\",\"potentialAction\":[{\"@type\":\"ReadAction\",\"target\":[\"https:\\\/\\\/www.animalsmoia.vet\\\/es\\\/clinica-veterinaria\\\/testimonios\\\/\"]}]},{\"@type\":\"BreadcrumbList\",\"@id\":\"https:\\\/\\\/www.animalsmoia.vet\\\/es\\\/clinica-veterinaria\\\/testimonios\\\/#breadcrumb\",\"itemListElement\":[{\"@type\":\"ListItem\",\"position\":1,\"name\":\"Inici\",\"item\":\"https:\\\/\\\/www.animalsmoia.vet\\\/es\\\/\"},{\"@type\":\"ListItem\",\"position\":2,\"name\":\"Cl\u00ednica veterinaria\",\"item\":\"https:\\\/\\\/www.animalsmoia.vet\\\/es\\\/clinica-veterinaria\\\/\"},{\"@type\":\"ListItem\",\"position\":3,\"name\":\"Testimonios\"}]},{\"@type\":\"WebSite\",\"@id\":\"https:\\\/\\\/www.animalsmoia.vet\\\/#website\",\"url\":\"https:\\\/\\\/www.animalsmoia.vet\\\/\",\"name\":\"Anima&#039;ls - Cl\u00ednica veterin\u00e0ria\",\"description\":\"Cl\u00ednica veterin\u00e0ria a Moi\u00e0. Moian\u00e8s. Barcelona.\",\"potentialAction\":[{\"@type\":\"SearchAction\",\"target\":{\"@type\":\"EntryPoint\",\"urlTemplate\":\"https:\\\/\\\/www.animalsmoia.vet\\\/?s={search_term_string}\"},\"query-input\":{\"@type\":\"PropertyValueSpecification\",\"valueRequired\":true,\"valueName\":\"search_term_string\"}}],\"inLanguage\":\"es\"}]}<\/script>\n<!-- \/ Yoast SEO plugin. -->","yoast_head_json":{"title":"Testimonios - Anima&#039;ls - Cl\u00ednica veterin\u00e0ria","description":"Testimonios de las personas que han sido atendidas en Anima'ls - Cl\u00ednica veterinaria. Ay\u00fadanos a mejorar dando tu opini\u00f3n.","robots":{"index":"index","follow":"follow","max-snippet":"max-snippet:-1","max-image-preview":"max-image-preview:large","max-video-preview":"max-video-preview:-1"},"canonical":"https:\/\/www.animalsmoia.vet\/es\/clinica-veterinaria\/testimonios\/","og_locale":"es_ES","og_type":"article","og_title":"Testimonios - Anima&#039;ls - Cl\u00ednica veterin\u00e0ria","og_description":"Testimonios de las personas que han sido atendidas en Anima'ls - Cl\u00ednica veterinaria. Ay\u00fadanos a mejorar dando tu opini\u00f3n.","og_url":"https:\/\/www.animalsmoia.vet\/es\/clinica-veterinaria\/testimonios\/","og_site_name":"Anima&#039;ls - Cl\u00ednica veterin\u00e0ria","article_modified_time":"2021-04-28T16:49:30+00:00","twitter_card":"summary_large_image","twitter_misc":{"Tiempo de lectura":"1 minuto"},"schema":{"@context":"https:\/\/schema.org","@graph":[{"@type":"WebPage","@id":"https:\/\/www.animalsmoia.vet\/es\/clinica-veterinaria\/testimonios\/","url":"https:\/\/www.animalsmoia.vet\/es\/clinica-veterinaria\/testimonios\/","name":"Testimonios - Anima&#039;ls - Cl\u00ednica veterin\u00e0ria","isPartOf":{"@id":"https:\/\/www.animalsmoia.vet\/#website"},"datePublished":"2016-04-29T11:54:30+00:00","dateModified":"2021-04-28T16:49:30+00:00","description":"Testimonios de las personas que han sido atendidas en Anima'ls - Cl\u00ednica veterinaria. Ay\u00fadanos a mejorar dando tu opini\u00f3n.","breadcrumb":{"@id":"https:\/\/www.animalsmoia.vet\/es\/clinica-veterinaria\/testimonios\/#breadcrumb"},"inLanguage":"es","potentialAction":[{"@type":"ReadAction","target":["https:\/\/www.animalsmoia.vet\/es\/clinica-veterinaria\/testimonios\/"]}]},{"@type":"BreadcrumbList","@id":"https:\/\/www.animalsmoia.vet\/es\/clinica-veterinaria\/testimonios\/#breadcrumb","itemListElement":[{"@type":"ListItem","position":1,"name":"Inici","item":"https:\/\/www.animalsmoia.vet\/es\/"},{"@type":"ListItem","position":2,"name":"Cl\u00ednica veterinaria","item":"https:\/\/www.animalsmoia.vet\/es\/clinica-veterinaria\/"},{"@type":"ListItem","position":3,"name":"Testimonios"}]},{"@type":"WebSite","@id":"https:\/\/www.animalsmoia.vet\/#website","url":"https:\/\/www.animalsmoia.vet\/","name":"Anima&#039;ls - Cl\u00ednica veterin\u00e0ria","description":"Cl\u00ednica veterin\u00e0ria a Moi\u00e0. Moian\u00e8s. Barcelona.","potentialAction":[{"@type":"SearchAction","target":{"@type":"EntryPoint","urlTemplate":"https:\/\/www.animalsmoia.vet\/?s={search_term_string}"},"query-input":{"@type":"PropertyValueSpecification","valueRequired":true,"valueName":"search_term_string"}}],"inLanguage":"es"}]}},"_links":{"self":[{"href":"https:\/\/www.animalsmoia.vet\/es\/wp-json\/wp\/v2\/pages\/2058","targetHints":{"allow":["GET"]}}],"collection":[{"href":"https:\/\/www.animalsmoia.vet\/es\/wp-json\/wp\/v2\/pages"}],"about":[{"href":"https:\/\/www.animalsmoia.vet\/es\/wp-json\/wp\/v2\/types\/page"}],"author":[{"embeddable":true,"href":"https:\/\/www.animalsmoia.vet\/es\/wp-json\/wp\/v2\/users\/1"}],"replies":[{"embeddable":true,"href":"https:\/\/www.animalsmoia.vet\/es\/wp-json\/wp\/v2\/comments?post=2058"}],"version-history":[{"count":0,"href":"https:\/\/www.animalsmoia.vet\/es\/wp-json\/wp\/v2\/pages\/2058\/revisions"}],"up":[{"embeddable":true,"href":"https:\/\/www.animalsmoia.vet\/es\/wp-json\/wp\/v2\/pages\/2047"}],"wp:attachment":[{"href":"https:\/\/www.animalsmoia.vet\/es\/wp-json\/wp\/v2\/media?parent=2058"}],"curies":[{"name":"wp","href":"https:\/\/api.w.org\/{rel}","templated":true}]}}